{"id":113,"date":"2018-03-20T16:51:13","date_gmt":"2018-03-20T16:51:13","guid":{"rendered":"https:\/\/www.restaurantxabec.com\/?page_id=113"},"modified":"2026-03-02T22:19:47","modified_gmt":"2026-03-02T21:19:47","slug":"la-nostra-sala","status":"publish","type":"page","link":"https:\/\/www.restaurantxabec.com\/en\/la-nostra-sala\/","title":{"rendered":"Our dining room"},"content":{"rendered":"<div data-elementor-type=\"wp-page\" data-elementor-id=\"113\" class=\"elementor elementor-113\" data-elementor-post-type=\"page\">\n\t\t\t\t\t\t<section class=\"elementor-section elementor-top-section elementor-element elementor-element-4f3355e3 elementor-section-full_width elementor-section-height-default elementor-section-height-default\" data-id=\"4f3355e3\" data-element_type=\"section\" data-e-type=\"section\">\n\t\t\t\t\t\t<div class=\"elementor-container elementor-column-gap-no\">\n\t\t\t\t\t<div class=\"elementor-column elementor-col-100 elementor-top-column elementor-element elementor-element-40d5909\" data-id=\"40d5909\" data-element_type=\"column\" data-e-type=\"column\">\n\t\t\t<div class=\"elementor-widget-wrap elementor-element-populated\">\n\t\t\t\t\t\t<div class=\"elementor-element elementor-element-b0bb16b elementor-widget elementor-widget-heading\" data-id=\"b0bb16b\" data-element_type=\"widget\" data-e-type=\"widget\" data-widget_type=\"heading.default\">\n\t\t\t\t\t<h2 class=\"elementor-heading-title elementor-size-default\">You will feel comfortable; you will feel at home!<\/h2>\t\t\t\t<\/div>\n\t\t\t\t<div class=\"elementor-element elementor-element-58859afe elementor-widget elementor-widget-text-editor\" data-id=\"58859afe\" data-element_type=\"widget\" data-e-type=\"widget\" data-widget_type=\"text-editor.default\">\n\t\t\t\t\t\t\t\t\t<p class=\"translation-block\">Our restaurant is warm, it is friendly. We welcome you to <strong>Xabec<\/strong>, a restaurant located in the heart of <strong>Calella de Palafrugell<\/strong>.<\/p><p style=\"text-align: justify;\">With two spaces where you can enjoy the home products: a dining room and a courtyard.<\/p><p style=\"text-align: justify;\">A very welcoming patio, sheltered from the sea breeze, cool, intimate and very natural.<\/p>\t\t\t\t\t\t\t\t<\/div>\n\t\t\t\t<div class=\"elementor-element elementor-element-52f1484 elementor-widget elementor-widget-gallery\" data-id=\"52f1484\" data-element_type=\"widget\" data-e-type=\"widget\" data-settings=\"{&quot;columns&quot;:3,&quot;columns_mobile&quot;:2,&quot;gap&quot;:{&quot;unit&quot;:&quot;px&quot;,&quot;size&quot;:8,&quot;sizes&quot;:[]},&quot;gap_mobile&quot;:{&quot;unit&quot;:&quot;px&quot;,&quot;size&quot;:2,&quot;sizes&quot;:[]},&quot;aspect_ratio&quot;:&quot;16:9&quot;,&quot;gallery_layout&quot;:&quot;grid&quot;,&quot;columns_tablet&quot;:2,&quot;gap_tablet&quot;:{&quot;unit&quot;:&quot;px&quot;,&quot;size&quot;:10,&quot;sizes&quot;:[]},&quot;link_to&quot;:&quot;file&quot;,&quot;overlay_background&quot;:&quot;yes&quot;,&quot;content_hover_animation&quot;:&quot;fade-in&quot;}\" data-widget_type=\"gallery.default\">\n\t\t\t\t\t\t\t<div class=\"elementor-gallery__container\">\n\t\t\t\t\t\t\t<a class=\"e-gallery-item elementor-gallery-item elementor-animated-content\" href=\"https:\/\/www.restaurantxabec.com\/wp-content\/uploads\/2023\/02\/Restaurant-Xabec-La-nostra-Sala-07.jpg\" data-elementor-open-lightbox=\"yes\" data-elementor-lightbox-slideshow=\"52f1484\" data-elementor-lightbox-title=\"Restaurant Xabec - La nostra sala\" data-e-action-hash=\"#elementor-action%3Aaction%3Dlightbox%26settings%3DeyJpZCI6MjU4OCwidXJsIjoiaHR0cHM6XC9cL3d3dy5yZXN0YXVyYW50eGFiZWMuY29tXC93cC1jb250ZW50XC91cGxvYWRzXC8yMDIzXC8wMlwvUmVzdGF1cmFudC1YYWJlYy1MYS1ub3N0cmEtU2FsYS0wNy5qcGciLCJzbGlkZXNob3ciOiI1MmYxNDg0In0%3D\">\n\t\t\t\t\t<div class=\"e-gallery-image elementor-gallery-item__image\" data-thumbnail=\"https:\/\/www.restaurantxabec.com\/wp-content\/uploads\/2023\/02\/Restaurant-Xabec-La-nostra-Sala-07.jpg\" data-width=\"800\" data-height=\"600\" aria-label=\"Restaurant Xabec - Our dining room\" role=\"img\" ><\/div>\n\t\t\t\t\t\t\t\t\t\t\t<div class=\"elementor-gallery-item__overlay\"><\/div>\n\t\t\t\t\t\t\t\t\t\t\t\t\t\t<\/a>\n\t\t\t\t\t\t\t<a class=\"e-gallery-item elementor-gallery-item elementor-animated-content\" href=\"https:\/\/www.restaurantxabec.com\/wp-content\/uploads\/2023\/02\/Restaurant-Xabec-La-nostra-Sala-09.jpg\" data-elementor-open-lightbox=\"yes\" data-elementor-lightbox-slideshow=\"52f1484\" data-elementor-lightbox-title=\"Restaurant Xabec - La nostra sala\" data-e-action-hash=\"#elementor-action%3Aaction%3Dlightbox%26settings%3DeyJpZCI6MjU5MCwidXJsIjoiaHR0cHM6XC9cL3d3dy5yZXN0YXVyYW50eGFiZWMuY29tXC93cC1jb250ZW50XC91cGxvYWRzXC8yMDIzXC8wMlwvUmVzdGF1cmFudC1YYWJlYy1MYS1ub3N0cmEtU2FsYS0wOS5qcGciLCJzbGlkZXNob3ciOiI1MmYxNDg0In0%3D\">\n\t\t\t\t\t<div class=\"e-gallery-image elementor-gallery-item__image\" data-thumbnail=\"https:\/\/www.restaurantxabec.com\/wp-content\/uploads\/2023\/02\/Restaurant-Xabec-La-nostra-Sala-09.jpg\" data-width=\"800\" data-height=\"600\" aria-label=\"Restaurant Xabec - Our dining room\" role=\"img\" ><\/div>\n\t\t\t\t\t\t\t\t\t\t\t<div class=\"elementor-gallery-item__overlay\"><\/div>\n\t\t\t\t\t\t\t\t\t\t\t\t\t\t<\/a>\n\t\t\t\t\t\t\t<a class=\"e-gallery-item elementor-gallery-item elementor-animated-content\" href=\"https:\/\/www.restaurantxabec.com\/wp-content\/uploads\/2023\/02\/Restaurant-Xabec-La-nostra-Sala-02.jpg\" data-elementor-open-lightbox=\"yes\" data-elementor-lightbox-slideshow=\"52f1484\" data-elementor-lightbox-title=\"Restaurant Xabec - La nostra Sala\" data-e-action-hash=\"#elementor-action%3Aaction%3Dlightbox%26settings%3DeyJpZCI6MjU4MywidXJsIjoiaHR0cHM6XC9cL3d3dy5yZXN0YXVyYW50eGFiZWMuY29tXC93cC1jb250ZW50XC91cGxvYWRzXC8yMDIzXC8wMlwvUmVzdGF1cmFudC1YYWJlYy1MYS1ub3N0cmEtU2FsYS0wMi5qcGciLCJzbGlkZXNob3ciOiI1MmYxNDg0In0%3D\">\n\t\t\t\t\t<div class=\"e-gallery-image elementor-gallery-item__image\" data-thumbnail=\"https:\/\/www.restaurantxabec.com\/wp-content\/uploads\/2023\/02\/Restaurant-Xabec-La-nostra-Sala-02.jpg\" data-width=\"800\" data-height=\"600\" aria-label=\"Restaurant Xabec - La nostra Sala\" role=\"img\" ><\/div>\n\t\t\t\t\t\t\t\t\t\t\t<div class=\"elementor-gallery-item__overlay\"><\/div>\n\t\t\t\t\t\t\t\t\t\t\t\t\t\t<\/a>\n\t\t\t\t\t\t\t<a class=\"e-gallery-item elementor-gallery-item elementor-animated-content\" href=\"https:\/\/www.restaurantxabec.com\/wp-content\/uploads\/2023\/02\/Restaurant-Xabec-La-nostra-Sala-06.jpg\" data-elementor-open-lightbox=\"yes\" data-elementor-lightbox-slideshow=\"52f1484\" data-elementor-lightbox-title=\"Restaurant Xabec - La nostra Sala\" data-e-action-hash=\"#elementor-action%3Aaction%3Dlightbox%26settings%3DeyJpZCI6MjU4NywidXJsIjoiaHR0cHM6XC9cL3d3dy5yZXN0YXVyYW50eGFiZWMuY29tXC93cC1jb250ZW50XC91cGxvYWRzXC8yMDIzXC8wMlwvUmVzdGF1cmFudC1YYWJlYy1MYS1ub3N0cmEtU2FsYS0wNi5qcGciLCJzbGlkZXNob3ciOiI1MmYxNDg0In0%3D\">\n\t\t\t\t\t<div class=\"e-gallery-image elementor-gallery-item__image\" data-thumbnail=\"https:\/\/www.restaurantxabec.com\/wp-content\/uploads\/2023\/02\/Restaurant-Xabec-La-nostra-Sala-06.jpg\" data-width=\"800\" data-height=\"600\" aria-label=\"Restaurant Xabec - La nostra Sala\" role=\"img\" ><\/div>\n\t\t\t\t\t\t\t\t\t\t\t<div class=\"elementor-gallery-item__overlay\"><\/div>\n\t\t\t\t\t\t\t\t\t\t\t\t\t\t<\/a>\n\t\t\t\t\t\t\t<a class=\"e-gallery-item elementor-gallery-item elementor-animated-content\" href=\"https:\/\/www.restaurantxabec.com\/wp-content\/uploads\/2023\/02\/Restaurant-Xabec-La-nostra-Sala-01.jpg\" data-elementor-open-lightbox=\"yes\" data-elementor-lightbox-slideshow=\"52f1484\" data-elementor-lightbox-title=\"Restaurant Xabec - La nostra Sala\" data-e-action-hash=\"#elementor-action%3Aaction%3Dlightbox%26settings%3DeyJpZCI6MjU4MiwidXJsIjoiaHR0cHM6XC9cL3d3dy5yZXN0YXVyYW50eGFiZWMuY29tXC93cC1jb250ZW50XC91cGxvYWRzXC8yMDIzXC8wMlwvUmVzdGF1cmFudC1YYWJlYy1MYS1ub3N0cmEtU2FsYS0wMS5qcGciLCJzbGlkZXNob3ciOiI1MmYxNDg0In0%3D\">\n\t\t\t\t\t<div class=\"e-gallery-image elementor-gallery-item__image\" data-thumbnail=\"https:\/\/www.restaurantxabec.com\/wp-content\/uploads\/2023\/02\/Restaurant-Xabec-La-nostra-Sala-01.jpg\" data-width=\"800\" data-height=\"600\" aria-label=\"Restaurant Xabec - La nostra Sala\" role=\"img\" ><\/div>\n\t\t\t\t\t\t\t\t\t\t\t<div class=\"elementor-gallery-item__overlay\"><\/div>\n\t\t\t\t\t\t\t\t\t\t\t\t\t\t<\/a>\n\t\t\t\t\t\t\t<a class=\"e-gallery-item elementor-gallery-item elementor-animated-content\" href=\"https:\/\/www.restaurantxabec.com\/wp-content\/uploads\/2023\/02\/Restaurant-Xabec-La-nostra-Sala-03.jpg\" data-elementor-open-lightbox=\"yes\" data-elementor-lightbox-slideshow=\"52f1484\" data-elementor-lightbox-title=\"Restaurant Xabec - La nostra Sala\" data-e-action-hash=\"#elementor-action%3Aaction%3Dlightbox%26settings%3DeyJpZCI6MjU4NCwidXJsIjoiaHR0cHM6XC9cL3d3dy5yZXN0YXVyYW50eGFiZWMuY29tXC93cC1jb250ZW50XC91cGxvYWRzXC8yMDIzXC8wMlwvUmVzdGF1cmFudC1YYWJlYy1MYS1ub3N0cmEtU2FsYS0wMy5qcGciLCJzbGlkZXNob3ciOiI1MmYxNDg0In0%3D\">\n\t\t\t\t\t<div class=\"e-gallery-image elementor-gallery-item__image\" data-thumbnail=\"https:\/\/www.restaurantxabec.com\/wp-content\/uploads\/2023\/02\/Restaurant-Xabec-La-nostra-Sala-03.jpg\" data-width=\"800\" data-height=\"600\" aria-label=\"Restaurant Xabec - La nostra Sala\" role=\"img\" ><\/div>\n\t\t\t\t\t\t\t\t\t\t\t<div class=\"elementor-gallery-item__overlay\"><\/div>\n\t\t\t\t\t\t\t\t\t\t\t\t\t\t<\/a>\n\t\t\t\t\t\t\t<a class=\"e-gallery-item elementor-gallery-item elementor-animated-content\" href=\"https:\/\/www.restaurantxabec.com\/wp-content\/uploads\/2023\/02\/Restaurant-Xabec-La-nostra-Sala-05.jpg\" data-elementor-open-lightbox=\"yes\" data-elementor-lightbox-slideshow=\"52f1484\" data-elementor-lightbox-title=\"Restaurant Xabec - La nostra Sala\" data-e-action-hash=\"#elementor-action%3Aaction%3Dlightbox%26settings%3DeyJpZCI6MjU4NiwidXJsIjoiaHR0cHM6XC9cL3d3dy5yZXN0YXVyYW50eGFiZWMuY29tXC93cC1jb250ZW50XC91cGxvYWRzXC8yMDIzXC8wMlwvUmVzdGF1cmFudC1YYWJlYy1MYS1ub3N0cmEtU2FsYS0wNS5qcGciLCJzbGlkZXNob3ciOiI1MmYxNDg0In0%3D\">\n\t\t\t\t\t<div class=\"e-gallery-image elementor-gallery-item__image\" data-thumbnail=\"https:\/\/www.restaurantxabec.com\/wp-content\/uploads\/2023\/02\/Restaurant-Xabec-La-nostra-Sala-05.jpg\" data-width=\"800\" data-height=\"600\" aria-label=\"Restaurant Xabec - La nostra Sala\" role=\"img\" ><\/div>\n\t\t\t\t\t\t\t\t\t\t\t<div class=\"elementor-gallery-item__overlay\"><\/div>\n\t\t\t\t\t\t\t\t\t\t\t\t\t\t<\/a>\n\t\t\t\t\t\t\t<a class=\"e-gallery-item elementor-gallery-item elementor-animated-content\" href=\"https:\/\/www.restaurantxabec.com\/wp-content\/uploads\/2023\/02\/Restaurant-Xabec-La-nostra-Sala-04.jpg\" data-elementor-open-lightbox=\"yes\" data-elementor-lightbox-slideshow=\"52f1484\" data-elementor-lightbox-title=\"Restaurant Xabec - La nostra Sala\" data-e-action-hash=\"#elementor-action%3Aaction%3Dlightbox%26settings%3DeyJpZCI6MjU4NSwidXJsIjoiaHR0cHM6XC9cL3d3dy5yZXN0YXVyYW50eGFiZWMuY29tXC93cC1jb250ZW50XC91cGxvYWRzXC8yMDIzXC8wMlwvUmVzdGF1cmFudC1YYWJlYy1MYS1ub3N0cmEtU2FsYS0wNC5qcGciLCJzbGlkZXNob3ciOiI1MmYxNDg0In0%3D\">\n\t\t\t\t\t<div class=\"e-gallery-image elementor-gallery-item__image\" data-thumbnail=\"https:\/\/www.restaurantxabec.com\/wp-content\/uploads\/2023\/02\/Restaurant-Xabec-La-nostra-Sala-04.jpg\" data-width=\"800\" data-height=\"600\" aria-label=\"Restaurant Xabec - La nostra Sala\" role=\"img\" ><\/div>\n\t\t\t\t\t\t\t\t\t\t\t<div class=\"elementor-gallery-item__overlay\"><\/div>\n\t\t\t\t\t\t\t\t\t\t\t\t\t\t<\/a>\n\t\t\t\t\t\t\t<a class=\"e-gallery-item elementor-gallery-item elementor-animated-content\" href=\"https:\/\/www.restaurantxabec.com\/wp-content\/uploads\/2023\/02\/Restaurant-Xabec-La-nostra-Sala-08.jpg\" data-elementor-open-lightbox=\"yes\" data-elementor-lightbox-slideshow=\"52f1484\" data-elementor-lightbox-title=\"Restaurant Xabec - La nostra sala\" data-e-action-hash=\"#elementor-action%3Aaction%3Dlightbox%26settings%3DeyJpZCI6MjU4OSwidXJsIjoiaHR0cHM6XC9cL3d3dy5yZXN0YXVyYW50eGFiZWMuY29tXC93cC1jb250ZW50XC91cGxvYWRzXC8yMDIzXC8wMlwvUmVzdGF1cmFudC1YYWJlYy1MYS1ub3N0cmEtU2FsYS0wOC5qcGciLCJzbGlkZXNob3ciOiI1MmYxNDg0In0%3D\">\n\t\t\t\t\t<div class=\"e-gallery-image elementor-gallery-item__image\" data-thumbnail=\"https:\/\/www.restaurantxabec.com\/wp-content\/uploads\/2023\/02\/Restaurant-Xabec-La-nostra-Sala-08.jpg\" data-width=\"800\" data-height=\"600\" aria-label=\"Restaurant Xabec - Our dining room\" role=\"img\" ><\/div>\n\t\t\t\t\t\t\t\t\t\t\t<div class=\"elementor-gallery-item__overlay\"><\/div>\n\t\t\t\t\t\t\t\t\t\t\t\t\t\t<\/a>\n\t\t\t\t\t<\/div>\n\t\t\t\t\t<\/div>\n\t\t\t\t\t<\/div>\n\t\t<\/div>\n\t\t\t\t\t<\/div>\n\t\t<\/section>\n\t\t\t\t<\/div>","protected":false},"excerpt":{"rendered":"<p>Et sentir\u00e0s a gust, et sentir\u00e0s com a casa! El nostre restaurant \u00e9s c\u00e0lid, acollidor. Et donem la benvinguda al Xabec, un restaurant situat a segona l\u00ednia de mar, al nucli de Calella de Palafrugell. Amb dos espais on gaudir dels productes de la nostra terra: menjador i pati interior. Un pati molt acollidor, a<br \/><a class=\"moretag\" href=\"https:\/\/www.restaurantxabec.com\/en\/la-nostra-sala\/\">+ Read More<\/a><\/p>","protected":false},"author":1,"featured_media":2581,"parent":0,"menu_order":0,"comment_status":"closed","ping_status":"closed","template":"templates\/page-fullwidth_template.php","meta":{"footnotes":""},"class_list":["post-113","page","type-page","status-publish","has-post-thumbnail","hentry"],"_links":{"self":[{"href":"https:\/\/www.restaurantxabec.com\/en\/wp-json\/wp\/v2\/pages\/113","targetHints":{"allow":["GET"]}}],"collection":[{"href":"https:\/\/www.restaurantxabec.com\/en\/wp-json\/wp\/v2\/pages"}],"about":[{"href":"https:\/\/www.restaurantxabec.com\/en\/wp-json\/wp\/v2\/types\/page"}],"author":[{"embeddable":true,"href":"https:\/\/www.restaurantxabec.com\/en\/wp-json\/wp\/v2\/users\/1"}],"replies":[{"embeddable":true,"href":"https:\/\/www.restaurantxabec.com\/en\/wp-json\/wp\/v2\/comments?post=113"}],"version-history":[{"count":0,"href":"https:\/\/www.restaurantxabec.com\/en\/wp-json\/wp\/v2\/pages\/113\/revisions"}],"wp:featuredmedia":[{"embeddable":true,"href":"https:\/\/www.restaurantxabec.com\/en\/wp-json\/wp\/v2\/media\/2581"}],"wp:attachment":[{"href":"https:\/\/www.restaurantxabec.com\/en\/wp-json\/wp\/v2\/media?parent=113"}],"curies":[{"name":"wp","href":"https:\/\/api.w.org\/{rel}","templated":true}]}}