{"id":72,"date":"2018-03-20T16:32:12","date_gmt":"2018-03-20T16:32:12","guid":{"rendered":"https:\/\/www.restaurantxabec.com\/?page_id=72"},"modified":"2026-03-05T16:35:33","modified_gmt":"2026-03-05T15:35:33","slug":"la-nostra-cuina","status":"publish","type":"page","link":"https:\/\/www.restaurantxabec.com\/es\/la-nostra-cuina\/","title":{"rendered":"Nuestra cocina"},"content":{"rendered":"<div data-elementor-type=\"wp-page\" data-elementor-id=\"72\" class=\"elementor elementor-72\" data-elementor-post-type=\"page\">\n\t\t\t\t\t\t<section class=\"elementor-section elementor-top-section elementor-element elementor-element-16dff39f elementor-section-full_width elementor-section-height-default elementor-section-height-default\" data-id=\"16dff39f\" data-element_type=\"section\" data-e-type=\"section\">\n\t\t\t\t\t\t<div class=\"elementor-container elementor-column-gap-no\">\n\t\t\t\t\t<div class=\"elementor-column elementor-col-100 elementor-top-column elementor-element elementor-element-4077bb77\" data-id=\"4077bb77\" data-element_type=\"column\" data-e-type=\"column\">\n\t\t\t<div class=\"elementor-widget-wrap elementor-element-populated\">\n\t\t\t\t\t\t<div class=\"elementor-element elementor-element-46acf90 elementor-widget elementor-widget-heading\" data-id=\"46acf90\" data-element_type=\"widget\" data-e-type=\"widget\" data-widget_type=\"heading.default\">\n\t\t\t\t\t<h2 class=\"elementor-heading-title elementor-size-default\">Bienvenidos a la cocina del Xabec<\/h2>\t\t\t\t<\/div>\n\t\t\t\t<div class=\"elementor-element elementor-element-66c80323 elementor-widget elementor-widget-text-editor\" data-id=\"66c80323\" data-element_type=\"widget\" data-e-type=\"widget\" data-widget_type=\"text-editor.default\">\n\t\t\t\t\t\t\t\t\t<p>La cocina del Xabec es de sencilla y de sabrosa elaboraci\u00f3n con productos frescos:<\/p><ul><li>Carnes y pescados a la brasa con guarnici\u00f3n.<\/li><li>Nuestros arroces.<\/li><li>Pescado del d\u00eda a la plancha, al horno o en la sal.<\/li><\/ul><p>Un espacio donde saborear los gustos del Mediterr\u00e1neo y de nuestro Empord\u00e0, todo con productos de proximidad cocinados al estilo tradicional, como a ti te gusta.<\/p><p>Una carta con amplia variedad de precios y productos de la tierra donde encontrar\u00e1s tu men\u00fa a medida: tu comida o cena no te dejar\u00e1 indiferente.<\/p>\t\t\t\t\t\t\t\t<\/div>\n\t\t\t\t<div class=\"elementor-element elementor-element-8a4158c elementor-widget elementor-widget-gallery\" data-id=\"8a4158c\" data-element_type=\"widget\" data-e-type=\"widget\" data-settings=\"{&quot;columns&quot;:3,&quot;columns_mobile&quot;:2,&quot;gap&quot;:{&quot;unit&quot;:&quot;px&quot;,&quot;size&quot;:8,&quot;sizes&quot;:[]},&quot;gap_mobile&quot;:{&quot;unit&quot;:&quot;px&quot;,&quot;size&quot;:2,&quot;sizes&quot;:[]},&quot;aspect_ratio&quot;:&quot;16:9&quot;,&quot;gallery_layout&quot;:&quot;grid&quot;,&quot;columns_tablet&quot;:2,&quot;gap_tablet&quot;:{&quot;unit&quot;:&quot;px&quot;,&quot;size&quot;:10,&quot;sizes&quot;:[]},&quot;link_to&quot;:&quot;file&quot;,&quot;overlay_background&quot;:&quot;yes&quot;,&quot;content_hover_animation&quot;:&quot;fade-in&quot;}\" data-widget_type=\"gallery.default\">\n\t\t\t\t\t\t\t<div class=\"elementor-gallery__container\">\n\t\t\t\t\t\t\t<a class=\"e-gallery-item elementor-gallery-item elementor-animated-content\" href=\"https:\/\/www.restaurantxabec.com\/wp-content\/uploads\/2023\/02\/Restaurant-Xabec-Les-nostres-especialitats-06.jpg\" data-elementor-open-lightbox=\"yes\" data-elementor-lightbox-slideshow=\"8a4158c\" data-elementor-lightbox-title=\"Restaurant Xabec - Les nostres especialitats\" data-e-action-hash=\"#elementor-action%3Aaction%3Dlightbox%26settings%3DeyJpZCI6MjU2NywidXJsIjoiaHR0cHM6XC9cL3d3dy5yZXN0YXVyYW50eGFiZWMuY29tXC93cC1jb250ZW50XC91cGxvYWRzXC8yMDIzXC8wMlwvUmVzdGF1cmFudC1YYWJlYy1MZXMtbm9zdHJlcy1lc3BlY2lhbGl0YXRzLTA2LmpwZyIsInNsaWRlc2hvdyI6IjhhNDE1OGMifQ%3D%3D\">\n\t\t\t\t\t<div class=\"e-gallery-image elementor-gallery-item__image\" data-thumbnail=\"https:\/\/www.restaurantxabec.com\/wp-content\/uploads\/2023\/02\/Restaurant-Xabec-Les-nostres-especialitats-06.jpg\" data-width=\"700\" data-height=\"525\" aria-label=\"Restaurant Xabec - Nuestras especialidades\" role=\"img\" ><\/div>\n\t\t\t\t\t\t\t\t\t\t\t<div class=\"elementor-gallery-item__overlay\"><\/div>\n\t\t\t\t\t\t\t\t\t\t\t\t\t\t<\/a>\n\t\t\t\t\t\t\t<a class=\"e-gallery-item elementor-gallery-item elementor-animated-content\" href=\"https:\/\/www.restaurantxabec.com\/wp-content\/uploads\/2023\/02\/Restaurant-Xabec-Les-nostres-especialitats-04.jpg\" data-elementor-open-lightbox=\"yes\" data-elementor-lightbox-slideshow=\"8a4158c\" data-elementor-lightbox-title=\"Restaurant Xabec - Les nostres especialitats\" data-e-action-hash=\"#elementor-action%3Aaction%3Dlightbox%26settings%3DeyJpZCI6MjU2NSwidXJsIjoiaHR0cHM6XC9cL3d3dy5yZXN0YXVyYW50eGFiZWMuY29tXC93cC1jb250ZW50XC91cGxvYWRzXC8yMDIzXC8wMlwvUmVzdGF1cmFudC1YYWJlYy1MZXMtbm9zdHJlcy1lc3BlY2lhbGl0YXRzLTA0LmpwZyIsInNsaWRlc2hvdyI6IjhhNDE1OGMifQ%3D%3D\">\n\t\t\t\t\t<div class=\"e-gallery-image elementor-gallery-item__image\" data-thumbnail=\"https:\/\/www.restaurantxabec.com\/wp-content\/uploads\/2023\/02\/Restaurant-Xabec-Les-nostres-especialitats-04.jpg\" data-width=\"700\" data-height=\"525\" aria-label=\"Restaurant Xabec - Nuestras especialidades\" role=\"img\" ><\/div>\n\t\t\t\t\t\t\t\t\t\t\t<div class=\"elementor-gallery-item__overlay\"><\/div>\n\t\t\t\t\t\t\t\t\t\t\t\t\t\t<\/a>\n\t\t\t\t\t\t\t<a class=\"e-gallery-item elementor-gallery-item elementor-animated-content\" href=\"https:\/\/www.restaurantxabec.com\/wp-content\/uploads\/2023\/02\/Restaurant-Xabec-Les-nostres-especialitats-01.jpg\" data-elementor-open-lightbox=\"yes\" data-elementor-lightbox-slideshow=\"8a4158c\" data-elementor-lightbox-title=\"Restaurant Xabec - Les nostres especialitats\" data-e-action-hash=\"#elementor-action%3Aaction%3Dlightbox%26settings%3DeyJpZCI6MjU2MiwidXJsIjoiaHR0cHM6XC9cL3d3dy5yZXN0YXVyYW50eGFiZWMuY29tXC93cC1jb250ZW50XC91cGxvYWRzXC8yMDIzXC8wMlwvUmVzdGF1cmFudC1YYWJlYy1MZXMtbm9zdHJlcy1lc3BlY2lhbGl0YXRzLTAxLmpwZyIsInNsaWRlc2hvdyI6IjhhNDE1OGMifQ%3D%3D\">\n\t\t\t\t\t<div class=\"e-gallery-image elementor-gallery-item__image\" data-thumbnail=\"https:\/\/www.restaurantxabec.com\/wp-content\/uploads\/2023\/02\/Restaurant-Xabec-Les-nostres-especialitats-01.jpg\" data-width=\"700\" data-height=\"525\" aria-label=\"Restaurant Xabec - Nuestras especialidades\" role=\"img\" ><\/div>\n\t\t\t\t\t\t\t\t\t\t\t<div class=\"elementor-gallery-item__overlay\"><\/div>\n\t\t\t\t\t\t\t\t\t\t\t\t\t\t<\/a>\n\t\t\t\t\t\t\t<a class=\"e-gallery-item elementor-gallery-item elementor-animated-content\" href=\"https:\/\/www.restaurantxabec.com\/wp-content\/uploads\/2023\/02\/Restaurant-Xabec-Les-nostres-especialitats-03.jpg\" data-elementor-open-lightbox=\"yes\" data-elementor-lightbox-slideshow=\"8a4158c\" data-elementor-lightbox-title=\"Restaurant Xabec - Les nostres especialitats\" data-e-action-hash=\"#elementor-action%3Aaction%3Dlightbox%26settings%3DeyJpZCI6MjU2NCwidXJsIjoiaHR0cHM6XC9cL3d3dy5yZXN0YXVyYW50eGFiZWMuY29tXC93cC1jb250ZW50XC91cGxvYWRzXC8yMDIzXC8wMlwvUmVzdGF1cmFudC1YYWJlYy1MZXMtbm9zdHJlcy1lc3BlY2lhbGl0YXRzLTAzLmpwZyIsInNsaWRlc2hvdyI6IjhhNDE1OGMifQ%3D%3D\">\n\t\t\t\t\t<div class=\"e-gallery-image elementor-gallery-item__image\" data-thumbnail=\"https:\/\/www.restaurantxabec.com\/wp-content\/uploads\/2023\/02\/Restaurant-Xabec-Les-nostres-especialitats-03.jpg\" data-width=\"700\" data-height=\"525\" aria-label=\"Restaurant Xabec - Nuestras especialidades\" role=\"img\" ><\/div>\n\t\t\t\t\t\t\t\t\t\t\t<div class=\"elementor-gallery-item__overlay\"><\/div>\n\t\t\t\t\t\t\t\t\t\t\t\t\t\t<\/a>\n\t\t\t\t\t\t\t<a class=\"e-gallery-item elementor-gallery-item elementor-animated-content\" href=\"https:\/\/www.restaurantxabec.com\/wp-content\/uploads\/2023\/02\/Restaurant-Xabec-Les-nostres-especialitats-13.jpg\" data-elementor-open-lightbox=\"yes\" data-elementor-lightbox-slideshow=\"8a4158c\" data-elementor-lightbox-title=\"Restaurant Xabec - Les nostres especialitats\" data-e-action-hash=\"#elementor-action%3Aaction%3Dlightbox%26settings%3DeyJpZCI6MjU3NCwidXJsIjoiaHR0cHM6XC9cL3d3dy5yZXN0YXVyYW50eGFiZWMuY29tXC93cC1jb250ZW50XC91cGxvYWRzXC8yMDIzXC8wMlwvUmVzdGF1cmFudC1YYWJlYy1MZXMtbm9zdHJlcy1lc3BlY2lhbGl0YXRzLTEzLmpwZyIsInNsaWRlc2hvdyI6IjhhNDE1OGMifQ%3D%3D\">\n\t\t\t\t\t<div class=\"e-gallery-image elementor-gallery-item__image\" data-thumbnail=\"https:\/\/www.restaurantxabec.com\/wp-content\/uploads\/2023\/02\/Restaurant-Xabec-Les-nostres-especialitats-13.jpg\" data-width=\"700\" data-height=\"525\" aria-label=\"Restaurant Xabec - Nuestras especialidades\" role=\"img\" ><\/div>\n\t\t\t\t\t\t\t\t\t\t\t<div class=\"elementor-gallery-item__overlay\"><\/div>\n\t\t\t\t\t\t\t\t\t\t\t\t\t\t<\/a>\n\t\t\t\t\t\t\t<a class=\"e-gallery-item elementor-gallery-item elementor-animated-content\" href=\"https:\/\/www.restaurantxabec.com\/wp-content\/uploads\/2023\/02\/Restaurant-Xabec-Les-nostres-especialitats-11.jpg\" data-elementor-open-lightbox=\"yes\" data-elementor-lightbox-slideshow=\"8a4158c\" data-elementor-lightbox-title=\"Restaurant Xabec - Les nostres especialitats\" data-e-action-hash=\"#elementor-action%3Aaction%3Dlightbox%26settings%3DeyJpZCI6MjU3MiwidXJsIjoiaHR0cHM6XC9cL3d3dy5yZXN0YXVyYW50eGFiZWMuY29tXC93cC1jb250ZW50XC91cGxvYWRzXC8yMDIzXC8wMlwvUmVzdGF1cmFudC1YYWJlYy1MZXMtbm9zdHJlcy1lc3BlY2lhbGl0YXRzLTExLmpwZyIsInNsaWRlc2hvdyI6IjhhNDE1OGMifQ%3D%3D\">\n\t\t\t\t\t<div class=\"e-gallery-image elementor-gallery-item__image\" data-thumbnail=\"https:\/\/www.restaurantxabec.com\/wp-content\/uploads\/2023\/02\/Restaurant-Xabec-Les-nostres-especialitats-11.jpg\" data-width=\"700\" data-height=\"525\" aria-label=\"Restaurant Xabec - Nuestras especialidades\" role=\"img\" ><\/div>\n\t\t\t\t\t\t\t\t\t\t\t<div class=\"elementor-gallery-item__overlay\"><\/div>\n\t\t\t\t\t\t\t\t\t\t\t\t\t\t<\/a>\n\t\t\t\t\t\t\t<a class=\"e-gallery-item elementor-gallery-item elementor-animated-content\" href=\"https:\/\/www.restaurantxabec.com\/wp-content\/uploads\/2023\/02\/Restaurant-Xabec-Les-nostres-especialitats-10.jpg\" data-elementor-open-lightbox=\"yes\" data-elementor-lightbox-slideshow=\"8a4158c\" data-elementor-lightbox-title=\"Restaurant Xabec - Les nostres especialitats\" data-e-action-hash=\"#elementor-action%3Aaction%3Dlightbox%26settings%3DeyJpZCI6MjU3MSwidXJsIjoiaHR0cHM6XC9cL3d3dy5yZXN0YXVyYW50eGFiZWMuY29tXC93cC1jb250ZW50XC91cGxvYWRzXC8yMDIzXC8wMlwvUmVzdGF1cmFudC1YYWJlYy1MZXMtbm9zdHJlcy1lc3BlY2lhbGl0YXRzLTEwLmpwZyIsInNsaWRlc2hvdyI6IjhhNDE1OGMifQ%3D%3D\">\n\t\t\t\t\t<div class=\"e-gallery-image elementor-gallery-item__image\" data-thumbnail=\"https:\/\/www.restaurantxabec.com\/wp-content\/uploads\/2023\/02\/Restaurant-Xabec-Les-nostres-especialitats-10.jpg\" data-width=\"700\" data-height=\"525\" aria-label=\"Restaurant Xabec - Nuestras especialidades\" role=\"img\" ><\/div>\n\t\t\t\t\t\t\t\t\t\t\t<div class=\"elementor-gallery-item__overlay\"><\/div>\n\t\t\t\t\t\t\t\t\t\t\t\t\t\t<\/a>\n\t\t\t\t\t\t\t<a class=\"e-gallery-item elementor-gallery-item elementor-animated-content\" href=\"https:\/\/www.restaurantxabec.com\/wp-content\/uploads\/2023\/02\/Restaurant-Xabec-Les-nostres-especialitats-09.jpg\" data-elementor-open-lightbox=\"yes\" data-elementor-lightbox-slideshow=\"8a4158c\" data-elementor-lightbox-title=\"Restaurant Xabec - Les nostres especialitats\" data-e-action-hash=\"#elementor-action%3Aaction%3Dlightbox%26settings%3DeyJpZCI6MjU3MCwidXJsIjoiaHR0cHM6XC9cL3d3dy5yZXN0YXVyYW50eGFiZWMuY29tXC93cC1jb250ZW50XC91cGxvYWRzXC8yMDIzXC8wMlwvUmVzdGF1cmFudC1YYWJlYy1MZXMtbm9zdHJlcy1lc3BlY2lhbGl0YXRzLTA5LmpwZyIsInNsaWRlc2hvdyI6IjhhNDE1OGMifQ%3D%3D\">\n\t\t\t\t\t<div class=\"e-gallery-image elementor-gallery-item__image\" data-thumbnail=\"https:\/\/www.restaurantxabec.com\/wp-content\/uploads\/2023\/02\/Restaurant-Xabec-Les-nostres-especialitats-09.jpg\" data-width=\"700\" data-height=\"525\" aria-label=\"Restaurant Xabec - Nuestras especialidades\" role=\"img\" ><\/div>\n\t\t\t\t\t\t\t\t\t\t\t<div class=\"elementor-gallery-item__overlay\"><\/div>\n\t\t\t\t\t\t\t\t\t\t\t\t\t\t<\/a>\n\t\t\t\t\t\t\t<a class=\"e-gallery-item elementor-gallery-item elementor-animated-content\" href=\"https:\/\/www.restaurantxabec.com\/wp-content\/uploads\/2023\/02\/Restaurant-Xabec-Les-nostres-especialitats-05.jpg\" data-elementor-open-lightbox=\"yes\" data-elementor-lightbox-slideshow=\"8a4158c\" data-elementor-lightbox-title=\"Restaurant Xabec - Les nostres especialitats\" data-e-action-hash=\"#elementor-action%3Aaction%3Dlightbox%26settings%3DeyJpZCI6MjU2NiwidXJsIjoiaHR0cHM6XC9cL3d3dy5yZXN0YXVyYW50eGFiZWMuY29tXC93cC1jb250ZW50XC91cGxvYWRzXC8yMDIzXC8wMlwvUmVzdGF1cmFudC1YYWJlYy1MZXMtbm9zdHJlcy1lc3BlY2lhbGl0YXRzLTA1LmpwZyIsInNsaWRlc2hvdyI6IjhhNDE1OGMifQ%3D%3D\">\n\t\t\t\t\t<div class=\"e-gallery-image elementor-gallery-item__image\" data-thumbnail=\"https:\/\/www.restaurantxabec.com\/wp-content\/uploads\/2023\/02\/Restaurant-Xabec-Les-nostres-especialitats-05.jpg\" data-width=\"700\" data-height=\"525\" aria-label=\"Restaurant Xabec - Nuestras especialidades\" role=\"img\" ><\/div>\n\t\t\t\t\t\t\t\t\t\t\t<div class=\"elementor-gallery-item__overlay\"><\/div>\n\t\t\t\t\t\t\t\t\t\t\t\t\t\t<\/a>\n\t\t\t\t\t\t\t<a class=\"e-gallery-item elementor-gallery-item elementor-animated-content\" href=\"https:\/\/www.restaurantxabec.com\/wp-content\/uploads\/2023\/02\/Restaurant-Xabec-Les-nostres-especialitats-15.jpg\" data-elementor-open-lightbox=\"yes\" data-elementor-lightbox-slideshow=\"8a4158c\" data-elementor-lightbox-title=\"Restaurant Xabec - Les nostres especialitats\" data-e-action-hash=\"#elementor-action%3Aaction%3Dlightbox%26settings%3DeyJpZCI6MjU3NiwidXJsIjoiaHR0cHM6XC9cL3d3dy5yZXN0YXVyYW50eGFiZWMuY29tXC93cC1jb250ZW50XC91cGxvYWRzXC8yMDIzXC8wMlwvUmVzdGF1cmFudC1YYWJlYy1MZXMtbm9zdHJlcy1lc3BlY2lhbGl0YXRzLTE1LmpwZyIsInNsaWRlc2hvdyI6IjhhNDE1OGMifQ%3D%3D\">\n\t\t\t\t\t<div class=\"e-gallery-image elementor-gallery-item__image\" data-thumbnail=\"https:\/\/www.restaurantxabec.com\/wp-content\/uploads\/2023\/02\/Restaurant-Xabec-Les-nostres-especialitats-15.jpg\" data-width=\"700\" data-height=\"525\" aria-label=\"Restaurant Xabec - Nuestras especialidades\" role=\"img\" ><\/div>\n\t\t\t\t\t\t\t\t\t\t\t<div class=\"elementor-gallery-item__overlay\"><\/div>\n\t\t\t\t\t\t\t\t\t\t\t\t\t\t<\/a>\n\t\t\t\t\t\t\t<a class=\"e-gallery-item elementor-gallery-item elementor-animated-content\" href=\"https:\/\/www.restaurantxabec.com\/wp-content\/uploads\/2023\/02\/Restaurant-Xabec-Les-nostres-especialitats-14.jpg\" data-elementor-open-lightbox=\"yes\" data-elementor-lightbox-slideshow=\"8a4158c\" data-elementor-lightbox-title=\"Restaurant Xabec - Les nostres especialitats\" data-e-action-hash=\"#elementor-action%3Aaction%3Dlightbox%26settings%3DeyJpZCI6MjU3NSwidXJsIjoiaHR0cHM6XC9cL3d3dy5yZXN0YXVyYW50eGFiZWMuY29tXC93cC1jb250ZW50XC91cGxvYWRzXC8yMDIzXC8wMlwvUmVzdGF1cmFudC1YYWJlYy1MZXMtbm9zdHJlcy1lc3BlY2lhbGl0YXRzLTE0LmpwZyIsInNsaWRlc2hvdyI6IjhhNDE1OGMifQ%3D%3D\">\n\t\t\t\t\t<div class=\"e-gallery-image elementor-gallery-item__image\" data-thumbnail=\"https:\/\/www.restaurantxabec.com\/wp-content\/uploads\/2023\/02\/Restaurant-Xabec-Les-nostres-especialitats-14.jpg\" data-width=\"700\" data-height=\"525\" aria-label=\"Restaurant Xabec - Nuestras especialidades\" role=\"img\" ><\/div>\n\t\t\t\t\t\t\t\t\t\t\t<div class=\"elementor-gallery-item__overlay\"><\/div>\n\t\t\t\t\t\t\t\t\t\t\t\t\t\t<\/a>\n\t\t\t\t\t\t\t<a class=\"e-gallery-item elementor-gallery-item elementor-animated-content\" href=\"https:\/\/www.restaurantxabec.com\/wp-content\/uploads\/2023\/02\/Restaurant-Xabec-Les-nostres-especialitats-02.jpg\" data-elementor-open-lightbox=\"yes\" data-elementor-lightbox-slideshow=\"8a4158c\" data-elementor-lightbox-title=\"Restaurant Xabec - Les nostres especialitats\" data-e-action-hash=\"#elementor-action%3Aaction%3Dlightbox%26settings%3DeyJpZCI6MjU2MywidXJsIjoiaHR0cHM6XC9cL3d3dy5yZXN0YXVyYW50eGFiZWMuY29tXC93cC1jb250ZW50XC91cGxvYWRzXC8yMDIzXC8wMlwvUmVzdGF1cmFudC1YYWJlYy1MZXMtbm9zdHJlcy1lc3BlY2lhbGl0YXRzLTAyLmpwZyIsInNsaWRlc2hvdyI6IjhhNDE1OGMifQ%3D%3D\">\n\t\t\t\t\t<div class=\"e-gallery-image elementor-gallery-item__image\" data-thumbnail=\"https:\/\/www.restaurantxabec.com\/wp-content\/uploads\/2023\/02\/Restaurant-Xabec-Les-nostres-especialitats-02.jpg\" data-width=\"700\" data-height=\"525\" aria-label=\"Restaurant Xabec - Nuestras especialidades\" role=\"img\" ><\/div>\n\t\t\t\t\t\t\t\t\t\t\t<div class=\"elementor-gallery-item__overlay\"><\/div>\n\t\t\t\t\t\t\t\t\t\t\t\t\t\t<\/a>\n\t\t\t\t\t\t\t<a class=\"e-gallery-item elementor-gallery-item elementor-animated-content\" href=\"https:\/\/www.restaurantxabec.com\/wp-content\/uploads\/2023\/02\/Restaurant-Xabec-Les-nostres-especialitats-07.jpg\" data-elementor-open-lightbox=\"yes\" data-elementor-lightbox-slideshow=\"8a4158c\" data-elementor-lightbox-title=\"Restaurant Xabec - Les nostres especialitats\" data-e-action-hash=\"#elementor-action%3Aaction%3Dlightbox%26settings%3DeyJpZCI6MjU2OCwidXJsIjoiaHR0cHM6XC9cL3d3dy5yZXN0YXVyYW50eGFiZWMuY29tXC93cC1jb250ZW50XC91cGxvYWRzXC8yMDIzXC8wMlwvUmVzdGF1cmFudC1YYWJlYy1MZXMtbm9zdHJlcy1lc3BlY2lhbGl0YXRzLTA3LmpwZyIsInNsaWRlc2hvdyI6IjhhNDE1OGMifQ%3D%3D\">\n\t\t\t\t\t<div class=\"e-gallery-image elementor-gallery-item__image\" data-thumbnail=\"https:\/\/www.restaurantxabec.com\/wp-content\/uploads\/2023\/02\/Restaurant-Xabec-Les-nostres-especialitats-07.jpg\" data-width=\"700\" data-height=\"525\" aria-label=\"Restaurant Xabec - Nuestras especialidades\" role=\"img\" ><\/div>\n\t\t\t\t\t\t\t\t\t\t\t<div class=\"elementor-gallery-item__overlay\"><\/div>\n\t\t\t\t\t\t\t\t\t\t\t\t\t\t<\/a>\n\t\t\t\t\t\t\t<a class=\"e-gallery-item elementor-gallery-item elementor-animated-content\" href=\"https:\/\/www.restaurantxabec.com\/wp-content\/uploads\/2023\/02\/Restaurant-Xabec-Les-nostres-especialitats-08.jpg\" data-elementor-open-lightbox=\"yes\" data-elementor-lightbox-slideshow=\"8a4158c\" data-elementor-lightbox-title=\"Restaurant Xabec - Les nostres especialitats\" data-e-action-hash=\"#elementor-action%3Aaction%3Dlightbox%26settings%3DeyJpZCI6MjU2OSwidXJsIjoiaHR0cHM6XC9cL3d3dy5yZXN0YXVyYW50eGFiZWMuY29tXC93cC1jb250ZW50XC91cGxvYWRzXC8yMDIzXC8wMlwvUmVzdGF1cmFudC1YYWJlYy1MZXMtbm9zdHJlcy1lc3BlY2lhbGl0YXRzLTA4LmpwZyIsInNsaWRlc2hvdyI6IjhhNDE1OGMifQ%3D%3D\">\n\t\t\t\t\t<div class=\"e-gallery-image elementor-gallery-item__image\" data-thumbnail=\"https:\/\/www.restaurantxabec.com\/wp-content\/uploads\/2023\/02\/Restaurant-Xabec-Les-nostres-especialitats-08.jpg\" data-width=\"700\" data-height=\"525\" aria-label=\"Restaurant Xabec - Nuestras especialidades\" role=\"img\" ><\/div>\n\t\t\t\t\t\t\t\t\t\t\t<div class=\"elementor-gallery-item__overlay\"><\/div>\n\t\t\t\t\t\t\t\t\t\t\t\t\t\t<\/a>\n\t\t\t\t\t\t\t<a class=\"e-gallery-item elementor-gallery-item elementor-animated-content\" href=\"https:\/\/www.restaurantxabec.com\/wp-content\/uploads\/2023\/02\/Restaurant-Xabec-Les-nostres-especialitats-12.jpg\" data-elementor-open-lightbox=\"yes\" data-elementor-lightbox-slideshow=\"8a4158c\" data-elementor-lightbox-title=\"Restaurant Xabec - Les nostres especialitats\" data-e-action-hash=\"#elementor-action%3Aaction%3Dlightbox%26settings%3DeyJpZCI6MjU3MywidXJsIjoiaHR0cHM6XC9cL3d3dy5yZXN0YXVyYW50eGFiZWMuY29tXC93cC1jb250ZW50XC91cGxvYWRzXC8yMDIzXC8wMlwvUmVzdGF1cmFudC1YYWJlYy1MZXMtbm9zdHJlcy1lc3BlY2lhbGl0YXRzLTEyLmpwZyIsInNsaWRlc2hvdyI6IjhhNDE1OGMifQ%3D%3D\">\n\t\t\t\t\t<div class=\"e-gallery-image elementor-gallery-item__image\" data-thumbnail=\"https:\/\/www.restaurantxabec.com\/wp-content\/uploads\/2023\/02\/Restaurant-Xabec-Les-nostres-especialitats-12.jpg\" data-width=\"700\" data-height=\"525\" aria-label=\"Restaurant Xabec - Nuestras especialidades\" role=\"img\" ><\/div>\n\t\t\t\t\t\t\t\t\t\t\t<div class=\"elementor-gallery-item__overlay\"><\/div>\n\t\t\t\t\t\t\t\t\t\t\t\t\t\t<\/a>\n\t\t\t\t\t<\/div>\n\t\t\t\t\t<\/div>\n\t\t\t\t\t<\/div>\n\t\t<\/div>\n\t\t\t\t\t<\/div>\n\t\t<\/section>\n\t\t\t\t<\/div>","protected":false},"excerpt":{"rendered":"<p>Benvinguts a la cuina del Xabec La cuina del Xabec \u00e9s de senzilla i de gustosa elaboraci\u00f3 amb productes frescos: Carns i peixos a la brasa amb guarnici\u00f3. Els nostres arrossos. Peix del dia a la planxa, al forn o a la sal. Un espai on assaborir els gustos del Mediterrani i del nostre Empord\u00e0,<br \/><a class=\"moretag\" href=\"https:\/\/www.restaurantxabec.com\/es\/la-nostra-cuina\/\">+ Read More<\/a><\/p>","protected":false},"author":1,"featured_media":2559,"parent":0,"menu_order":0,"comment_status":"closed","ping_status":"closed","template":"templates\/page-fullwidth_template.php","meta":{"footnotes":""},"class_list":["post-72","page","type-page","status-publish","has-post-thumbnail","hentry"],"_links":{"self":[{"href":"https:\/\/www.restaurantxabec.com\/es\/wp-json\/wp\/v2\/pages\/72","targetHints":{"allow":["GET"]}}],"collection":[{"href":"https:\/\/www.restaurantxabec.com\/es\/wp-json\/wp\/v2\/pages"}],"about":[{"href":"https:\/\/www.restaurantxabec.com\/es\/wp-json\/wp\/v2\/types\/page"}],"author":[{"embeddable":true,"href":"https:\/\/www.restaurantxabec.com\/es\/wp-json\/wp\/v2\/users\/1"}],"replies":[{"embeddable":true,"href":"https:\/\/www.restaurantxabec.com\/es\/wp-json\/wp\/v2\/comments?post=72"}],"version-history":[{"count":0,"href":"https:\/\/www.restaurantxabec.com\/es\/wp-json\/wp\/v2\/pages\/72\/revisions"}],"wp:featuredmedia":[{"embeddable":true,"href":"https:\/\/www.restaurantxabec.com\/es\/wp-json\/wp\/v2\/media\/2559"}],"wp:attachment":[{"href":"https:\/\/www.restaurantxabec.com\/es\/wp-json\/wp\/v2\/media?parent=72"}],"curies":[{"name":"wp","href":"https:\/\/api.w.org\/{rel}","templated":true}]}}