{"id":80,"date":"2018-03-20T16:33:21","date_gmt":"2018-03-20T16:33:21","guid":{"rendered":"https:\/\/www.restaurantxabec.com\/?page_id=80"},"modified":"2026-03-02T22:05:32","modified_gmt":"2026-03-02T21:05:32","slug":"carta","status":"publish","type":"page","link":"https:\/\/www.restaurantxabec.com\/es\/carta\/","title":{"rendered":"Carta"},"content":{"rendered":"<div data-elementor-type=\"wp-post\" data-elementor-id=\"80\" class=\"elementor elementor-80\" data-elementor-post-type=\"page\">\n\t\t\t\t\t\t<section class=\"elementor-section elementor-top-section elementor-element elementor-element-31858f2 elementor-section-boxed elementor-section-height-default elementor-section-height-default\" data-id=\"31858f2\" data-element_type=\"section\" data-e-type=\"section\">\n\t\t\t\t\t\t<div class=\"elementor-container elementor-column-gap-default\">\n\t\t\t\t\t<div class=\"elementor-column elementor-col-100 elementor-top-column elementor-element elementor-element-f2499cd\" data-id=\"f2499cd\" data-element_type=\"column\" data-e-type=\"column\">\n\t\t\t<div class=\"elementor-widget-wrap elementor-element-populated\">\n\t\t\t\t\t\t<div class=\"elementor-element elementor-element-4d0cf21 elementor-widget elementor-widget-toggle\" data-id=\"4d0cf21\" data-element_type=\"widget\" data-e-type=\"widget\" data-widget_type=\"toggle.default\">\n\t\t\t\t\t\t\t<div class=\"elementor-toggle\">\n\t\t\t\t\t\t\t<div class=\"elementor-toggle-item\">\n\t\t\t\t\t<div id=\"elementor-tab-title-8071\" class=\"elementor-tab-title\" data-tab=\"1\" role=\"button\" aria-controls=\"elementor-tab-content-8071\" aria-expanded=\"false\">\n\t\t\t\t\t\t\t\t\t\t\t\t<span class=\"elementor-toggle-icon elementor-toggle-icon-right\" aria-hidden=\"true\">\n\t\t\t\t\t\t\t\t\t\t\t\t\t\t\t<span class=\"elementor-toggle-icon-closed\"><svg class=\"e-font-icon-svg e-fas-chevron-down\" viewbox=\"0 0 448 512\" xmlns=\"http:\/\/www.w3.org\/2000\/svg\"><path d=\"M207.029 381.476L12.686 187.132c-9.373-9.373-9.373-24.569 0-33.941l22.667-22.667c9.357-9.357 24.522-9.375 33.901-.04L224 284.505l154.745-154.021c9.379-9.335 24.544-9.317 33.901.04l22.667 22.667c9.373 9.373 9.373 24.569 0 33.941L240.971 381.476c-9.373 9.372-24.569 9.372-33.942 0z\"><\/path><\/svg><\/span>\n\t\t\t\t\t\t\t\t<span class=\"elementor-toggle-icon-opened\"><svg class=\"elementor-toggle-icon-opened e-font-icon-svg e-fas-chevron-up\" viewbox=\"0 0 448 512\" xmlns=\"http:\/\/www.w3.org\/2000\/svg\"><path d=\"M240.971 130.524l194.343 194.343c9.373 9.373 9.373 24.569 0 33.941l-22.667 22.667c-9.357 9.357-24.522 9.375-33.901.04L224 227.495 69.255 381.516c-9.379 9.335-24.544 9.317-33.901-.04l-22.667-22.667c-9.373-9.373-9.373-24.569 0-33.941L207.03 130.525c9.372-9.373 24.568-9.373 33.941-.001z\"><\/path><\/svg><\/span>\n\t\t\t\t\t\t\t\t\t\t\t\t\t<\/span>\n\t\t\t\t\t\t\t\t\t\t\t\t<a class=\"elementor-toggle-title\" tabindex=\"0\"><img decoding=\"async\" src=\"https:\/\/www.restaurantxabec.com\/wp-content\/uploads\/2024\/05\/cat.png\" alt=\"\" width=\"26\" height=\"20\" \/> Carta en Catal\u00e0<\/a>\n\t\t\t\t\t<\/div>\n\n\t\t\t\t\t<div id=\"elementor-tab-content-8071\" class=\"elementor-tab-content elementor-clearfix\" data-tab=\"1\" role=\"region\" aria-labelledby=\"elementor-tab-title-8071\"><p><img fetchpriority=\"high\" decoding=\"async\" class=\"aligncenter wp-image-3364 size-full\" title=\"Restaurant Xabec - Carta Catal\u00e0\" src=\"https:\/\/www.restaurantxabec.com\/wp-content\/uploads\/2024\/05\/Restaurant-Xabec-Carta-Catala-scaled.jpg\" alt=\"Restaurant Xabec - Carta Catal\u00e0\" width=\"831\" height=\"2560\" srcset=\"https:\/\/www.restaurantxabec.com\/wp-content\/uploads\/2024\/05\/Restaurant-Xabec-Carta-Catala-scaled.jpg 831w, https:\/\/www.restaurantxabec.com\/wp-content\/uploads\/2024\/05\/Restaurant-Xabec-Carta-Catala-97x300.jpg 97w, https:\/\/www.restaurantxabec.com\/wp-content\/uploads\/2024\/05\/Restaurant-Xabec-Carta-Catala-332x1024.jpg 332w, https:\/\/www.restaurantxabec.com\/wp-content\/uploads\/2024\/05\/Restaurant-Xabec-Carta-Catala-768x2366.jpg 768w, https:\/\/www.restaurantxabec.com\/wp-content\/uploads\/2024\/05\/Restaurant-Xabec-Carta-Catala-499x1536.jpg 499w, https:\/\/www.restaurantxabec.com\/wp-content\/uploads\/2024\/05\/Restaurant-Xabec-Carta-Catala-665x2048.jpg 665w\" sizes=\"(max-width: 831px) 100vw, 831px\" \/><\/p><\/div>\n\t\t\t\t<\/div>\n\t\t\t\t\t\t\t<div class=\"elementor-toggle-item\">\n\t\t\t\t\t<div id=\"elementor-tab-title-8072\" class=\"elementor-tab-title\" data-tab=\"2\" role=\"button\" aria-controls=\"elementor-tab-content-8072\" aria-expanded=\"false\">\n\t\t\t\t\t\t\t\t\t\t\t\t<span class=\"elementor-toggle-icon elementor-toggle-icon-right\" aria-hidden=\"true\">\n\t\t\t\t\t\t\t\t\t\t\t\t\t\t\t<span class=\"elementor-toggle-icon-closed\"><svg class=\"e-font-icon-svg e-fas-chevron-down\" viewbox=\"0 0 448 512\" xmlns=\"http:\/\/www.w3.org\/2000\/svg\"><path d=\"M207.029 381.476L12.686 187.132c-9.373-9.373-9.373-24.569 0-33.941l22.667-22.667c9.357-9.357 24.522-9.375 33.901-.04L224 284.505l154.745-154.021c9.379-9.335 24.544-9.317 33.901.04l22.667 22.667c9.373 9.373 9.373 24.569 0 33.941L240.971 381.476c-9.373 9.372-24.569 9.372-33.942 0z\"><\/path><\/svg><\/span>\n\t\t\t\t\t\t\t\t<span class=\"elementor-toggle-icon-opened\"><svg class=\"elementor-toggle-icon-opened e-font-icon-svg e-fas-chevron-up\" viewbox=\"0 0 448 512\" xmlns=\"http:\/\/www.w3.org\/2000\/svg\"><path d=\"M240.971 130.524l194.343 194.343c9.373 9.373 9.373 24.569 0 33.941l-22.667 22.667c-9.357 9.357-24.522 9.375-33.901.04L224 227.495 69.255 381.516c-9.379 9.335-24.544 9.317-33.901-.04l-22.667-22.667c-9.373-9.373-9.373-24.569 0-33.941L207.03 130.525c9.372-9.373 24.568-9.373 33.941-.001z\"><\/path><\/svg><\/span>\n\t\t\t\t\t\t\t\t\t\t\t\t\t<\/span>\n\t\t\t\t\t\t\t\t\t\t\t\t<a class=\"elementor-toggle-title\" tabindex=\"0\"><img decoding=\"async\" src=\"https:\/\/www.restaurantxabec.com\/wp-content\/uploads\/2024\/05\/esp.png\" alt=\"\" width=\"26\" height=\"20\" \/> Carta en Espa\u00f1ol<\/a>\n\t\t\t\t\t<\/div>\n\n\t\t\t\t\t<div id=\"elementor-tab-content-8072\" class=\"elementor-tab-content elementor-clearfix\" data-tab=\"2\" role=\"region\" aria-labelledby=\"elementor-tab-title-8072\"><p><img loading=\"lazy\" decoding=\"async\" class=\"aligncenter wp-image-3383 size-full\" title=\"Restaurant Xabec - Carta Espa\u00f1ol\" src=\"https:\/\/www.restaurantxabec.com\/wp-content\/uploads\/2024\/05\/Restaurant-Xabec-Carta-Espanol-scaled.jpg\" alt=\"Restaurant Xabec - Carta Espa\u00f1ol\" width=\"831\" height=\"2560\" srcset=\"https:\/\/www.restaurantxabec.com\/wp-content\/uploads\/2024\/05\/Restaurant-Xabec-Carta-Espanol-scaled.jpg 831w, https:\/\/www.restaurantxabec.com\/wp-content\/uploads\/2024\/05\/Restaurant-Xabec-Carta-Espanol-97x300.jpg 97w, https:\/\/www.restaurantxabec.com\/wp-content\/uploads\/2024\/05\/Restaurant-Xabec-Carta-Espanol-332x1024.jpg 332w, https:\/\/www.restaurantxabec.com\/wp-content\/uploads\/2024\/05\/Restaurant-Xabec-Carta-Espanol-768x2366.jpg 768w, https:\/\/www.restaurantxabec.com\/wp-content\/uploads\/2024\/05\/Restaurant-Xabec-Carta-Espanol-499x1536.jpg 499w, https:\/\/www.restaurantxabec.com\/wp-content\/uploads\/2024\/05\/Restaurant-Xabec-Carta-Espanol-665x2048.jpg 665w\" sizes=\"(max-width: 831px) 100vw, 831px\" \/><\/p><\/div>\n\t\t\t\t<\/div>\n\t\t\t\t\t\t\t<div class=\"elementor-toggle-item\">\n\t\t\t\t\t<div id=\"elementor-tab-title-8073\" class=\"elementor-tab-title\" data-tab=\"3\" role=\"button\" aria-controls=\"elementor-tab-content-8073\" aria-expanded=\"false\">\n\t\t\t\t\t\t\t\t\t\t\t\t<span class=\"elementor-toggle-icon elementor-toggle-icon-right\" aria-hidden=\"true\">\n\t\t\t\t\t\t\t\t\t\t\t\t\t\t\t<span class=\"elementor-toggle-icon-closed\"><svg class=\"e-font-icon-svg e-fas-chevron-down\" viewbox=\"0 0 448 512\" xmlns=\"http:\/\/www.w3.org\/2000\/svg\"><path d=\"M207.029 381.476L12.686 187.132c-9.373-9.373-9.373-24.569 0-33.941l22.667-22.667c9.357-9.357 24.522-9.375 33.901-.04L224 284.505l154.745-154.021c9.379-9.335 24.544-9.317 33.901.04l22.667 22.667c9.373 9.373 9.373 24.569 0 33.941L240.971 381.476c-9.373 9.372-24.569 9.372-33.942 0z\"><\/path><\/svg><\/span>\n\t\t\t\t\t\t\t\t<span class=\"elementor-toggle-icon-opened\"><svg class=\"elementor-toggle-icon-opened e-font-icon-svg e-fas-chevron-up\" viewbox=\"0 0 448 512\" xmlns=\"http:\/\/www.w3.org\/2000\/svg\"><path d=\"M240.971 130.524l194.343 194.343c9.373 9.373 9.373 24.569 0 33.941l-22.667 22.667c-9.357 9.357-24.522 9.375-33.901.04L224 227.495 69.255 381.516c-9.379 9.335-24.544 9.317-33.901-.04l-22.667-22.667c-9.373-9.373-9.373-24.569 0-33.941L207.03 130.525c9.372-9.373 24.568-9.373 33.941-.001z\"><\/path><\/svg><\/span>\n\t\t\t\t\t\t\t\t\t\t\t\t\t<\/span>\n\t\t\t\t\t\t\t\t\t\t\t\t<a class=\"elementor-toggle-title\" tabindex=\"0\"><img loading=\"lazy\" decoding=\"async\" src=\"https:\/\/www.restaurantxabec.com\/wp-content\/uploads\/2024\/05\/fra.png\" alt=\"\" width=\"26\" height=\"20\" \/> Carte en fran\u00e7ais<\/a>\n\t\t\t\t\t<\/div>\n\n\t\t\t\t\t<div id=\"elementor-tab-content-8073\" class=\"elementor-tab-content elementor-clearfix\" data-tab=\"3\" role=\"region\" aria-labelledby=\"elementor-tab-title-8073\"><p><img loading=\"lazy\" decoding=\"async\" class=\"aligncenter wp-image-3387 size-full\" title=\"Restaurant Xabec - Carta Fran\u00e7ais\" src=\"https:\/\/www.restaurantxabec.com\/wp-content\/uploads\/2024\/05\/Restaurant-Xabec-Carta-Francais-scaled.jpg\" alt=\"Restaurant Xabec - Carta Fran\u00e7ais\" width=\"831\" height=\"2560\" srcset=\"https:\/\/www.restaurantxabec.com\/wp-content\/uploads\/2024\/05\/Restaurant-Xabec-Carta-Francais-scaled.jpg 831w, https:\/\/www.restaurantxabec.com\/wp-content\/uploads\/2024\/05\/Restaurant-Xabec-Carta-Francais-97x300.jpg 97w, https:\/\/www.restaurantxabec.com\/wp-content\/uploads\/2024\/05\/Restaurant-Xabec-Carta-Francais-332x1024.jpg 332w, https:\/\/www.restaurantxabec.com\/wp-content\/uploads\/2024\/05\/Restaurant-Xabec-Carta-Francais-768x2366.jpg 768w, https:\/\/www.restaurantxabec.com\/wp-content\/uploads\/2024\/05\/Restaurant-Xabec-Carta-Francais-499x1536.jpg 499w, https:\/\/www.restaurantxabec.com\/wp-content\/uploads\/2024\/05\/Restaurant-Xabec-Carta-Francais-665x2048.jpg 665w\" sizes=\"(max-width: 831px) 100vw, 831px\" \/><\/p><\/div>\n\t\t\t\t<\/div>\n\t\t\t\t\t\t\t<div class=\"elementor-toggle-item\">\n\t\t\t\t\t<div id=\"elementor-tab-title-8074\" class=\"elementor-tab-title\" data-tab=\"4\" role=\"button\" aria-controls=\"elementor-tab-content-8074\" aria-expanded=\"false\">\n\t\t\t\t\t\t\t\t\t\t\t\t<span class=\"elementor-toggle-icon elementor-toggle-icon-right\" aria-hidden=\"true\">\n\t\t\t\t\t\t\t\t\t\t\t\t\t\t\t<span class=\"elementor-toggle-icon-closed\"><svg class=\"e-font-icon-svg e-fas-chevron-down\" viewbox=\"0 0 448 512\" xmlns=\"http:\/\/www.w3.org\/2000\/svg\"><path d=\"M207.029 381.476L12.686 187.132c-9.373-9.373-9.373-24.569 0-33.941l22.667-22.667c9.357-9.357 24.522-9.375 33.901-.04L224 284.505l154.745-154.021c9.379-9.335 24.544-9.317 33.901.04l22.667 22.667c9.373 9.373 9.373 24.569 0 33.941L240.971 381.476c-9.373 9.372-24.569 9.372-33.942 0z\"><\/path><\/svg><\/span>\n\t\t\t\t\t\t\t\t<span class=\"elementor-toggle-icon-opened\"><svg class=\"elementor-toggle-icon-opened e-font-icon-svg e-fas-chevron-up\" viewbox=\"0 0 448 512\" xmlns=\"http:\/\/www.w3.org\/2000\/svg\"><path d=\"M240.971 130.524l194.343 194.343c9.373 9.373 9.373 24.569 0 33.941l-22.667 22.667c-9.357 9.357-24.522 9.375-33.901.04L224 227.495 69.255 381.516c-9.379 9.335-24.544 9.317-33.901-.04l-22.667-22.667c-9.373-9.373-9.373-24.569 0-33.941L207.03 130.525c9.372-9.373 24.568-9.373 33.941-.001z\"><\/path><\/svg><\/span>\n\t\t\t\t\t\t\t\t\t\t\t\t\t<\/span>\n\t\t\t\t\t\t\t\t\t\t\t\t<a class=\"elementor-toggle-title\" tabindex=\"0\"><img loading=\"lazy\" decoding=\"async\" src=\"https:\/\/www.restaurantxabec.com\/wp-content\/uploads\/2024\/05\/eng.png\" alt=\"\" width=\"26\" height=\"20\" \/> Menu in English<\/a>\n\t\t\t\t\t<\/div>\n\n\t\t\t\t\t<div id=\"elementor-tab-content-8074\" class=\"elementor-tab-content elementor-clearfix\" data-tab=\"4\" role=\"region\" aria-labelledby=\"elementor-tab-title-8074\"><p><img loading=\"lazy\" decoding=\"async\" class=\"aligncenter wp-image-3391 size-full\" title=\"Restaurant Xabec - Carta English\" src=\"https:\/\/www.restaurantxabec.com\/wp-content\/uploads\/2024\/05\/Restaurant-Xabec-Carta-English-scaled.jpg\" alt=\"Restaurant Xabec - Carta English\" width=\"831\" height=\"2560\" srcset=\"https:\/\/www.restaurantxabec.com\/wp-content\/uploads\/2024\/05\/Restaurant-Xabec-Carta-English-scaled.jpg 831w, https:\/\/www.restaurantxabec.com\/wp-content\/uploads\/2024\/05\/Restaurant-Xabec-Carta-English-97x300.jpg 97w, https:\/\/www.restaurantxabec.com\/wp-content\/uploads\/2024\/05\/Restaurant-Xabec-Carta-English-332x1024.jpg 332w, https:\/\/www.restaurantxabec.com\/wp-content\/uploads\/2024\/05\/Restaurant-Xabec-Carta-English-768x2366.jpg 768w, https:\/\/www.restaurantxabec.com\/wp-content\/uploads\/2024\/05\/Restaurant-Xabec-Carta-English-499x1536.jpg 499w, https:\/\/www.restaurantxabec.com\/wp-content\/uploads\/2024\/05\/Restaurant-Xabec-Carta-English-665x2048.jpg 665w\" sizes=\"(max-width: 831px) 100vw, 831px\" \/><\/p><\/div>\n\t\t\t\t<\/div>\n\t\t\t\t\t\t\t\t<\/div>\n\t\t\t\t\t\t<\/div>\n\t\t\t\t\t<\/div>\n\t\t<\/div>\n\t\t\t\t\t<\/div>\n\t\t<\/section>\n\t\t\t\t<\/div>","protected":false},"excerpt":{"rendered":"<p>Carta en Catal\u00e0 Carta en Espa\u00f1ol Carte en fran\u00e7ais Menu in English<\/p>","protected":false},"author":1,"featured_media":2544,"parent":0,"menu_order":0,"comment_status":"closed","ping_status":"closed","template":"templates\/page-fullwidth_template.php","meta":{"footnotes":""},"class_list":["post-80","page","type-page","status-publish","has-post-thumbnail","hentry"],"_links":{"self":[{"href":"https:\/\/www.restaurantxabec.com\/es\/wp-json\/wp\/v2\/pages\/80","targetHints":{"allow":["GET"]}}],"collection":[{"href":"https:\/\/www.restaurantxabec.com\/es\/wp-json\/wp\/v2\/pages"}],"about":[{"href":"https:\/\/www.restaurantxabec.com\/es\/wp-json\/wp\/v2\/types\/page"}],"author":[{"embeddable":true,"href":"https:\/\/www.restaurantxabec.com\/es\/wp-json\/wp\/v2\/users\/1"}],"replies":[{"embeddable":true,"href":"https:\/\/www.restaurantxabec.com\/es\/wp-json\/wp\/v2\/comments?post=80"}],"version-history":[{"count":0,"href":"https:\/\/www.restaurantxabec.com\/es\/wp-json\/wp\/v2\/pages\/80\/revisions"}],"wp:featuredmedia":[{"embeddable":true,"href":"https:\/\/www.restaurantxabec.com\/es\/wp-json\/wp\/v2\/media\/2544"}],"wp:attachment":[{"href":"https:\/\/www.restaurantxabec.com\/es\/wp-json\/wp\/v2\/media?parent=80"}],"curies":[{"name":"wp","href":"https:\/\/api.w.org\/{rel}","templated":true}]}}