{"id":1323,"date":"2021-03-07T18:52:04","date_gmt":"2021-03-07T18:52:04","guid":{"rendered":"https:\/\/www.restaurantxabec.com\/?page_id=1323"},"modified":"2026-03-02T22:06:21","modified_gmt":"2026-03-02T21:06:21","slug":"avis-legal","status":"publish","type":"page","link":"https:\/\/www.restaurantxabec.com\/fr\/avis-legal\/","title":{"rendered":"Avertissement L\u00e9gal"},"content":{"rendered":"<h4>Informations conform\u00e9ment \u00e0 l'article 10 de la LSSI<\/h4>\n<h3>Le propri\u00e9taire de ce site Web est:<\/h3>\n<p>Identit\u00e9: <strong>Xabec Grup TF S.L.<\/strong><br \/>\nCIF: <strong>B55195127<\/strong><br \/>\nAdresse: <strong>Carrer N\u00faria, 4, 17200 Palafrugell (Girona)<br \/>\n<\/strong>T\u00e9l\u00e9phone: <strong>972 61 46 10<br \/>\n<\/strong>Courrier \u00e9lectronique<strong>:<\/strong> <a href=\"mailto:info@restaurantxabec.com\"><strong>info@restaurantxabec.com<\/strong><\/a><\/p>\n<h3>Condition d'utilisation<\/h3>\n<p style=\"text-align: justify;\">L'utilisation de ce site Web implique l'acceptation pleine et enti\u00e8re des termes et conditions de la pr\u00e9sente notice l\u00e9gale. Les \u00e9ventuels conflits li\u00e9s \u00e0 ce site seront r\u00e9gis exclusivement par la loi de l'\u00c9tat espagnol. Toute personne utilisant le site Internet, quelle que soit la juridiction territoriale \u00e0 partir de laquelle son acc\u00e8s a lieu, accepte le respect et le respect de ces clauses, renon\u00e7ant express\u00e9ment \u00e0 toute autre juridiction qui pourrait leur correspondre.<\/p>\n<h3>Propri\u00e9t\u00e9 intellectuelle et industrielle<\/h3>\n<p style=\"text-align: justify;\">L'ensemble du contenu de ce site, qu'il s'agisse de textes, d'images, de sons, de marques, de logos ou d'autres \u00e9l\u00e9ments, ainsi que de la sous-structure, du design, des combinaisons de couleurs ou de la pr\u00e9sentation des mat\u00e9riaux, sont prot\u00e9g\u00e9s par les droits de propri\u00e9t\u00e9 industrielle et intellectuelle. que l'utilisateur de ce site doit respecter. Sa transformation ou alt\u00e9ration, communication publique ou toute autre forme d'exploitation par quelque proc\u00e9d\u00e9 que ce soit n'est pas licite sans l'autorisation expresse de\u00a0<strong>Xabec Grup TF S.L.<\/strong><\/p>\n<h3>Responsabilit\u00e9 du contenu<\/h3>\n<p style=\"text-align: justify;\" class=\"translation-block\">Bien que <strong>Xabec Grup TF S.L.<\/strong> agisse avec la plus grande diligence possible, il se peut que certaines donn\u00e9es ou informations ne soient pas compl\u00e8tement mises \u00e0 jour au moment o\u00f9 l'utilisateur du site les consulte. Pour cette raison, les informations pr\u00e9sent\u00e9es sur ce site ont une fonction de guidage et ne lient pas <strong>Xabec Grup TF S.L.<\/strong>.<\/p>\n<p style=\"text-align: justify;\"><strong>Xabec Grup TF S.L.<\/strong>\u00a0ne sera pas responsable des informations qui peuvent \u00eatre obtenues via les liens inclus sur son site Internet.<\/p>\n<p style=\"text-align: justify;\"><strong>Xabec Grup TF S.L.<\/strong> se r\u00e9serve le droit d'effectuer, \u00e0 tout moment et sans pr\u00e9avis, des modifications ou mises \u00e0 jour des informations et des \u00e9l\u00e9ments qui composent la conception et la configuration du site.<\/p>\n<h3>Loi applicable et juridiction<\/h3>\n<p style=\"text-align: justify;\">L'utilisation de ce site Web implique l'acceptation pleine et enti\u00e8re des termes et conditions de cette politique l\u00e9gale. Les conflits \u00e9ventuels li\u00e9s \u00e0 ce site Web seront r\u00e9gis exclusivement par la l\u00e9gislation espagnole, les cours et tribunaux espagnols \u00e9tant comp\u00e9tents pour entendre toutes les questions qui pourraient se poser \u00e0 son sujet. L'utilisateur, en vertu de son acceptation, renonce express\u00e9ment \u00e0 toute juridiction qui, en application de la loi de proc\u00e9dure civile en vigueur, pourrait lui correspondre.<\/p>","protected":false},"excerpt":{"rendered":"<p>Informaci\u00f3 de Conformitat amb l&#8217;article 10 de la LSSI El titular d&#8217;aquesta web \u00e9s: Identitat: Xabec Grup TF S.L. CIF: B55195127 Adre\u00e7a: Carrer N\u00faria, 4, 17200 Palafrugell (Girona) Tel\u00e8fon: 972 61 46 10 Correu electr\u00f2nic: info@restaurantxabec.com Condicions d&#8217;\u00fas L&#8217;\u00fas d&#8217;aquest web implica l&#8217;acceptaci\u00f3 plena dels termes i condicions del present av\u00eds legal. Els possibles conflictes<br \/><a class=\"moretag\" href=\"https:\/\/www.restaurantxabec.com\/fr\/avis-legal\/\">+ Read More<\/a><\/p>","protected":false},"author":1,"featured_media":2639,"parent":0,"menu_order":0,"comment_status":"closed","ping_status":"closed","template":"templates\/page-fullwidth_template.php","meta":{"footnotes":""},"class_list":["post-1323","page","type-page","status-publish","has-post-thumbnail","hentry"],"_links":{"self":[{"href":"https:\/\/www.restaurantxabec.com\/fr\/wp-json\/wp\/v2\/pages\/1323","targetHints":{"allow":["GET"]}}],"collection":[{"href":"https:\/\/www.restaurantxabec.com\/fr\/wp-json\/wp\/v2\/pages"}],"about":[{"href":"https:\/\/www.restaurantxabec.com\/fr\/wp-json\/wp\/v2\/types\/page"}],"author":[{"embeddable":true,"href":"https:\/\/www.restaurantxabec.com\/fr\/wp-json\/wp\/v2\/users\/1"}],"replies":[{"embeddable":true,"href":"https:\/\/www.restaurantxabec.com\/fr\/wp-json\/wp\/v2\/comments?post=1323"}],"version-history":[{"count":0,"href":"https:\/\/www.restaurantxabec.com\/fr\/wp-json\/wp\/v2\/pages\/1323\/revisions"}],"wp:featuredmedia":[{"embeddable":true,"href":"https:\/\/www.restaurantxabec.com\/fr\/wp-json\/wp\/v2\/media\/2639"}],"wp:attachment":[{"href":"https:\/\/www.restaurantxabec.com\/fr\/wp-json\/wp\/v2\/media?parent=1323"}],"curies":[{"name":"wp","href":"https:\/\/api.w.org\/{rel}","templated":true}]}}